{"id":47,"date":"2024-04-23T11:40:42","date_gmt":"2024-04-23T09:40:42","guid":{"rendered":"https:\/\/alexandredelaygue.com\/en\/?page_id=47"},"modified":"2024-04-23T11:51:35","modified_gmt":"2024-04-23T09:51:35","slug":"marble-summer","status":"publish","type":"page","link":"https:\/\/alexandredelaygue.com\/en\/6-2\/marble-summer\/","title":{"rendered":"Marble Summer"},"content":{"rendered":"\n<div class=\"wp-block-group has-black-background-color has-background\"><div class=\"wp-block-group__inner-container is-layout-constrained wp-block-group-is-layout-constrained\">\n<figure class=\"wp-block-table\"><table class=\"has-white-color has-text-color has-link-color\"><tbody><tr style=\"border: 0;\"><td style=\"border: 0;\" class=\"has-text-align-right\" data-align=\"right\">Ann\u00e9e<\/td><td style=\"border: 0;\">2023<\/td><\/tr><tr style=\"border: 0;\"><td style=\"border: 0;\" class=\"has-text-align-right\" data-align=\"right\">R\u00e9alisation<\/td><td style=\"border: 0;\">Ad\u00e8le Albrespy et Val\u00e9ria Fanti<\/td><\/tr><tr style=\"border: 0;\"><td style=\"border: 0;\" class=\"has-text-align-right\" data-align=\"right\">Production<\/td><td style=\"border: 0;\">Dynamo Production<\/td><\/tr><\/tbody><\/table><\/figure>\n\n\n\n<div style=\"padding:56.25% 0 0 0;position:relative;\"><iframe src=\"https:\/\/player.vimeo.com\/video\/914828192?h=35cbdfba9f&#038;byline=0&#038;portrait=0\" style=\"position:absolute;top:0;left:0;width:100%;height:100%;\" frameborder=\"0\" allow=\"autoplay; fullscreen; picture-in-picture\" allowfullscreen><\/iframe><\/div><script src=\"https:\/\/player.vimeo.com\/api\/player.js\"><\/script>\n<\/div><\/div>\n","protected":false},"excerpt":{"rendered":"<p>Ann\u00e9e 2023 R\u00e9alisation Ad\u00e8le Albrespy et Val\u00e9ria Fanti Production Dynamo Production<\/p>\n","protected":false},"author":1,"featured_media":0,"parent":6,"menu_order":0,"comment_status":"closed","ping_status":"closed","template":"","meta":{"footnotes":""},"_links":{"self":[{"href":"https:\/\/alexandredelaygue.com\/en\/wp-json\/wp\/v2\/pages\/47"}],"collection":[{"href":"https:\/\/alexandredelaygue.com\/en\/wp-json\/wp\/v2\/pages"}],"about":[{"href":"https:\/\/alexandredelaygue.com\/en\/wp-json\/wp\/v2\/types\/page"}],"author":[{"embeddable":true,"href":"https:\/\/alexandredelaygue.com\/en\/wp-json\/wp\/v2\/users\/1"}],"replies":[{"embeddable":true,"href":"https:\/\/alexandredelaygue.com\/en\/wp-json\/wp\/v2\/comments?post=47"}],"version-history":[{"count":3,"href":"https:\/\/alexandredelaygue.com\/en\/wp-json\/wp\/v2\/pages\/47\/revisions"}],"predecessor-version":[{"id":59,"href":"https:\/\/alexandredelaygue.com\/en\/wp-json\/wp\/v2\/pages\/47\/revisions\/59"}],"up":[{"embeddable":true,"href":"https:\/\/alexandredelaygue.com\/en\/wp-json\/wp\/v2\/pages\/6"}],"wp:attachment":[{"href":"https:\/\/alexandredelaygue.com\/en\/wp-json\/wp\/v2\/media?parent=47"}],"curies":[{"name":"wp","href":"https:\/\/api.w.org\/{rel}","templated":true}]}}